{"id":556,"date":"2024-06-04T17:00:55","date_gmt":"2024-06-04T15:00:55","guid":{"rendered":"https:\/\/www.galleryhotel.it\/chi-siamo\/"},"modified":"2024-06-07T17:04:48","modified_gmt":"2024-06-07T15:04:48","slug":"chi-siamo","status":"publish","type":"page","link":"https:\/\/www.trevi50.com\/it\/chi-siamo\/","title":{"rendered":"Chi siamo"},"content":{"rendered":"<div class=\"wpb-content-wrapper\"><p>[vc_row el_class=&#8221;sohohotel-content-inner&#8221;][vc_column]<h3 class=\"sohohotel-title-25px sohohotel-clearfix sohohotel-title-left\">Il nostro Hotel<\/h3>[vc_column_text]Nascosto tra le vie storiche del quartiere Trevi, il TriviHo occupa un elegante edificio razionalista degli anni &#8217;30, opera di Marcello Piacentini. Il nome del quartiere deriva dal latino &#8220;Trivium&#8221;, l\u2019incrocio a tre vie tra la Fontana di Trevi e S. Maria in Trivio, vicino a Piazza di Spagna. Con le stazioni della metropolitana Barberini e Spagna a pochi passi, gli ospiti possono immergersi facilmente nella ricca offerta culturale di Roma. TriviHo promette un\u2019esperienza indimenticabile, a due passi dalle principali meraviglie della citt\u00e0.[\/vc_column_text][vc_empty_space height=&#8221;40px&#8221;][\/vc_column][\/vc_row][vc_row el_class=&#8221;sohohotel-content-inner&#8221;][vc_column]<h3 class=\"sohohotel-title-25px sohohotel-clearfix sohohotel-title-left\">Trevi50 Hotel FAQ\u2019s<\/h3>[vc_toggle title=&#8221;Il mio volo arriva presto la mattina, a che ora posso fare il check-in?&#8221;]Il check-in inizia alle 14:00 e termina alle 22:00. A volte possiamo accogliere un check-in anticipato (Se ci\u00f2 non fosse possibile, potete lasciare i vostri bagagli alla reception e iniziare a godervi la citt\u00e0 eterna). Non c&#8217;\u00e8 alcun problema con il check-in dopo le 22:00, in hotel c&#8217;\u00e8 un portiere notturno che vi accompagner\u00e0 in camera (Si prega di mostrargli i documenti\/passaporto e una carta di credito).[\/vc_toggle][vc_toggle title=&#8221;C&#8217;\u00e8 un parcheggio in hotel? Se no, quali sono le alternative per il parcheggio?&#8221;]Purtroppo non disponiamo di parcheggio privato in hotel. Tuttavia, c&#8217;\u00e8 un garage privato nelle vicinanze, aperto dal luned\u00ec al sabato, dalle 6:30 alle 01:00 e la domenica dalle 6:30 alle 13:00 e poi dalle 18:00 alle 01:00.<\/p>\n<p>Il costo \u00e8 di 20\/25 \u20ac al giorno, a seconda delle dimensioni dell&#8217;auto. Il garage si chiama Custom Cars Srl e si trova in Salita di S. Nicola da Tolentino, 22 (a un minuto a piedi dall&#8217;hotel).<\/p>\n<p>Tel: <a href=\"tel:+39 06-4880109\">+39 06-4880109<\/a>, <u><a href=\"http:\/\/www.garagearoma.it\/custom_cars.html\">http:\/\/www.garagearoma.it\/custom_cars.html<\/a><\/u>[\/vc_toggle][vc_toggle title=&#8221;Posso avere una camera con due letti singoli?&#8221;]Tutte le nostre camere Deluxe sono dotate di un letto matrimoniale. Solo le camere Superior dispongono di due letti singoli.[\/vc_toggle][vc_toggle title=&#8221;Come posso raggiungere il TriviHo dall&#8217;aeroporto?&#8221;]<strong>Dall&#8217;Aeroporto Internazionale di Fiumicino<\/strong><\/p>\n<p>\u2013 1\u00aa Opzione: \u00c8 possibile prendere il &#8220;Leonardo Express&#8221;, un servizio navetta tra Fiumicino e la stazione di Roma Termini (dal luned\u00ec alla domenica: dalle 5:35 alle 22:35, prezzo del biglietto per persona: 14 \u20ac). Dalla stazione Termini \u00e8 possibile prendere la linea A della metropolitana (direzione BATTISTINI) e scendere a Repubblica oppure camminare dalla stazione Termini (prezzo del biglietto della metropolitana 1,5 \u20ac per persona). Il nostro Hotel si trova a circa 3 minuti a piedi dalla stazione della metropolitana Repubblica e a 10 minuti a piedi dalla stazione Termini.<\/p>\n<p>\u2013 2\u00aa Opzione: Possiamo offrire un servizio di auto privata per venirvi a prendere all&#8217;arrivo, con un autista che vi aspetter\u00e0 all&#8217;uscita del gate con un cartello con il vostro nome. (Si prega di inviarci un&#8217;email almeno 24 ore prima all&#8217;indirizzo <a href=\"mailto:info@triviho.com\">info@triviho.com<\/a> e di includere la vostra prenotazione dell&#8217;hotel, i dettagli del volo e un numero di telefono).<\/p>\n<p>\u2013 3\u00aa Opzione: Potete anche prendere un taxi bianco ufficiale con una tariffa fissa di 48 \u20ac all&#8217;uscita dall&#8217;aeroporto.<\/p>\n<p><strong>Dall&#8217;Aeroporto di Ciampino<\/strong><\/p>\n<p>\u00c8 pi\u00f9 facile prendere un taxi bianco ufficiale al costo fisso di 30 \u20ac. In alternativa, c&#8217;\u00e8 l&#8217;opzione del bus navetta che si pu\u00f2 prendere dalla piazza di fronte all&#8217;aeroporto e acquistare il biglietto sul posto. \u00c8 anche possibile prenotare in anticipo con una delle compagnie di bus navetta, ATRAL, Terravision, SitShuttle. I biglietti costano tra 4,00 \u20ac e 10,00 \u20ac.[\/vc_toggle][vc_empty_space height=&#8221;60px&#8221;][\/vc_column][\/vc_row][vc_row][vc_column][vc_column_text]<\/p>\n\n\t\t<div id='gallery-1' class='gallery galleryid-556 gallery-columns-4 gallery-size-full'><div class='gallery-item'><div class='gallery-icon'><a href=\"https:\/\/www.trevi50.com\/wp-content\/uploads\/2024\/06\/IMG_20240527_172653.jpg\" data-gal=\"prettyPhoto[gallery-1]\" title=\"IMG_20240527_172653\"><img decoding=\"async\" src=\"https:\/\/www.trevi50.com\/wp-content\/uploads\/2024\/06\/IMG_20240527_172653.jpg\" alt=\"\" \/><\/a><\/div><\/div><div class='gallery-item'><div class='gallery-icon'><a href=\"https:\/\/www.trevi50.com\/wp-content\/uploads\/2024\/06\/IMG_20240527_172621.jpg\" data-gal=\"prettyPhoto[gallery-1]\" title=\"IMG_20240527_172621\"><img decoding=\"async\" src=\"https:\/\/www.trevi50.com\/wp-content\/uploads\/2024\/06\/IMG_20240527_172621.jpg\" alt=\"\" \/><\/a><\/div><\/div><div class='gallery-item'><div class='gallery-icon'><a href=\"https:\/\/www.trevi50.com\/wp-content\/uploads\/2024\/06\/IMG_20240527_172312.jpg\" data-gal=\"prettyPhoto[gallery-1]\" title=\"IMG_20240527_172312\"><img decoding=\"async\" src=\"https:\/\/www.trevi50.com\/wp-content\/uploads\/2024\/06\/IMG_20240527_172312.jpg\" alt=\"\" \/><\/a><\/div><\/div><div class='gallery-item'><div class='gallery-icon'><a href=\"https:\/\/www.trevi50.com\/wp-content\/uploads\/2024\/06\/IMG_20240527_172743.jpg\" data-gal=\"prettyPhoto[gallery-1]\" title=\"IMG_20240527_172743\"><img decoding=\"async\" src=\"https:\/\/www.trevi50.com\/wp-content\/uploads\/2024\/06\/IMG_20240527_172743.jpg\" alt=\"\" \/><\/a><\/div><\/div>\n\t\t\t<br style='clear: both;' \/>\n\t\t<\/div>\n\n<p>[\/vc_column_text][vc_empty_space height=&#8221;30px&#8221;][\/vc_column][\/vc_row]<\/p>\n<\/div>","protected":false},"excerpt":{"rendered":"<p>[vc_row el_class=&#8221;sohohotel-content-inner&#8221;][vc_column][vc_column_text]Nascosto tra le vie storiche del quartiere Trevi, il TriviHo occupa un elegante edificio razionalista degli anni &#8217;30, opera di Marcello Piacentini. Il nome del quartiere deriva dal latino &#8220;Trivium&#8221;, l\u2019incrocio a tre vie tra la Fontana di Trevi e S. Maria in Trivio, vicino a Piazza di Spagna. Con le stazioni della metropolitana<\/p>\n<a href=\"https:\/\/www.trevi50.com\/it\/chi-siamo\/\" class=\"sohohotel-more-link\">Per saperne di pi\u00f9<\/a>","protected":false},"author":1,"featured_media":746,"parent":0,"menu_order":0,"comment_status":"closed","ping_status":"closed","template":"","meta":{"footnotes":""},"class_list":["post-556","page","type-page","status-publish","has-post-thumbnail","hentry"],"_links":{"self":[{"href":"https:\/\/www.trevi50.com\/it\/wp-json\/wp\/v2\/pages\/556","targetHints":{"allow":["GET"]}}],"collection":[{"href":"https:\/\/www.trevi50.com\/it\/wp-json\/wp\/v2\/pages"}],"about":[{"href":"https:\/\/www.trevi50.com\/it\/wp-json\/wp\/v2\/types\/page"}],"author":[{"embeddable":true,"href":"https:\/\/www.trevi50.com\/it\/wp-json\/wp\/v2\/users\/1"}],"replies":[{"embeddable":true,"href":"https:\/\/www.trevi50.com\/it\/wp-json\/wp\/v2\/comments?post=556"}],"version-history":[{"count":16,"href":"https:\/\/www.trevi50.com\/it\/wp-json\/wp\/v2\/pages\/556\/revisions"}],"predecessor-version":[{"id":665,"href":"https:\/\/www.trevi50.com\/it\/wp-json\/wp\/v2\/pages\/556\/revisions\/665"}],"wp:featuredmedia":[{"embeddable":true,"href":"https:\/\/www.trevi50.com\/it\/wp-json\/wp\/v2\/media\/746"}],"wp:attachment":[{"href":"https:\/\/www.trevi50.com\/it\/wp-json\/wp\/v2\/media?parent=556"}],"curies":[{"name":"wp","href":"https:\/\/api.w.org\/{rel}","templated":true}]}}